{"id":244,"date":"2022-07-20T18:40:16","date_gmt":"2022-07-20T18:40:16","guid":{"rendered":"https:\/\/genec.ca\/?page_id=244"},"modified":"2023-03-01T20:44:53","modified_gmt":"2023-03-02T01:44:53","slug":"carrieres","status":"publish","type":"page","link":"https:\/\/genec.ca\/?page_id=244","title":{"rendered":"Carri\u00e8res"},"content":{"rendered":"<p>[et_pb_section fb_built=&#8221;1&#8243; fullwidth=&#8221;on&#8221; _builder_version=&#8221;4.17.4&#8243; _module_preset=&#8221;default&#8221; global_colors_info=&#8221;{}&#8221;][et_pb_fullwidth_header title=&#8221;Carri\u00e8res&#8221; text_orientation=&#8221;center&#8221; header_fullscreen=&#8221;on&#8221; header_scroll_down=&#8221;on&#8221; button_one_url=&#8221;@ET-DC@eyJkeW5hbWljIjp0cnVlLCJjb250ZW50IjoicG9zdF9saW5rX3VybF9wYWdlIiwic2V0dGluZ3MiOnsicG9zdF9pZCI6IjE2In19@&#8221; content_tablet=&#8221;<\/p>\n<p>Electrical contractor services in the residential,<br \/>commercial and institutional sectors.<\/p>\n<p>&#8221; content_phone=&#8221;<\/p>\n<p>Electrical contractor services in the residential,commercial and institutional sectors.<\/p>\n<p>&#8221; content_last_edited=&#8221;off|desktop&#8221; _builder_version=&#8221;4.17.6&#8243; _dynamic_attributes=&#8221;button_one_url&#8221; _module_preset=&#8221;default&#8221; title_font=&#8221;Montserrat||||||||&#8221; title_text_color=&#8221;#FFFFFF&#8221; title_font_size=&#8221;55px&#8221; content_font=&#8221;Poppins|300|||||||&#8221; content_text_color=&#8221;#FFFFFF&#8221; content_font_size=&#8221;22px&#8221; content_line_height=&#8221;1.4em&#8221; background_enable_color=&#8221;off&#8221; use_background_color_gradient=&#8221;on&#8221; background_color_gradient_type=&#8221;circular&#8221; background_color_gradient_direction_radial=&#8221;top left&#8221; background_color_gradient_stops=&#8221;rgba(248,172,26,0.71) 0%|rgba(96,140,167,0.82) 100%&#8221; background_color_gradient_overlays_image=&#8221;on&#8221; background_image=&#8221;https:\/\/genec.ca\/wp-content\/uploads\/2022\/07\/image_2022_07_11T21_47_36_368Z.png&#8221; custom_button_one=&#8221;on&#8221; button_one_text_size=&#8221;16px&#8221; button_one_text_color=&#8221;#000000&#8243; button_one_bg_color=&#8221;#FFFFFF&#8221; button_one_border_width=&#8221;0px&#8221; button_one_border_color=&#8221;#608CA7&#8243; button_one_border_radius=&#8221;0px&#8221; button_one_font=&#8221;Poppins|||on|||||&#8221; button_one_custom_margin=&#8221;||||false|false&#8221; button_one_custom_margin_tablet=&#8221;||||false|false&#8221; button_one_custom_margin_phone=&#8221;|||20%|false|false&#8221; button_one_custom_margin_last_edited=&#8221;on|phone&#8221; button_one_custom_padding=&#8221;16px|40px|16px|40px|true|true&#8221; background_layout=&#8221;light&#8221; title_text_align_tablet=&#8221;&#8221; title_text_align_phone=&#8221;center&#8221; title_text_align_last_edited=&#8221;on|phone&#8221; title_font_size_tablet=&#8221;55px&#8221; title_font_size_phone=&#8221;40px&#8221; title_font_size_last_edited=&#8221;on|phone&#8221; content_text_align_tablet=&#8221;&#8221; content_text_align_phone=&#8221;center&#8221; content_text_align_last_edited=&#8221;on|phone&#8221; content_font_size_tablet=&#8221;22px&#8221; content_font_size_phone=&#8221;16px&#8221; content_font_size_last_edited=&#8221;on|phone&#8221; custom_css_content=&#8221;padding:30px 0px;&#8221; global_colors_info=&#8221;{}&#8221;]Genec Canada est toujours \u00e0 la recherche de gens qualifi\u00e9s, ambitieux, talentueux, d\u00e9vou\u00e9s qui partagent nos valeurs d&#8217;\u00e9thique du travail et notre sens familial. Joignez-vous \u00e0 notre \u00e9quipe.[\/et_pb_fullwidth_header][\/et_pb_section][et_pb_section fb_built=&#8221;1&#8243; _builder_version=&#8221;4.20.0&#8243; _module_preset=&#8221;default&#8221; global_colors_info=&#8221;{}&#8221;][et_pb_row _builder_version=&#8221;4.20.0&#8243; _module_preset=&#8221;default&#8221; global_colors_info=&#8221;{}&#8221;][et_pb_column type=&#8221;4_4&#8243; _builder_version=&#8221;4.20.0&#8243; _module_preset=&#8221;default&#8221; global_colors_info=&#8221;{}&#8221;][et_pb_toggle title=&#8221;Offre d\u2019emploi \u00e9lectricien(ne) (projets)&#8221; closed_toggle_background_color=&#8221;#FFFFFF&#8221; icon_color=&#8221;#F8AC1A&#8221; _builder_version=&#8221;4.20.0&#8243; _module_preset=&#8221;default&#8221; title_text_color=&#8221;#000000&#8243; title_font_size=&#8221;20px&#8221; box_shadow_style=&#8221;preset2&#8243; box_shadow_color=&#8221;#F8AC1A&#8221; global_colors_info=&#8221;{}&#8221;]<\/p>\n<p>Genec Canada est \u00e0 la recherche d\u2019un candidat ou d\u2019une candidate pour pourvoir un poste d\u2019\u00e9lectricien(ne) (projets), joins-toi \u00e0 notre \u00e9quipe!<\/p>\n<p>Ce qui t\u2019attend:<\/p>\n<ul>\n<li>Compagnie jeune, dynamique et en pleine croissance;<\/li>\n<li>Nous croyons dans le potentiel de chacun, par cons\u00e9quent nous nous engageons \u00e0 offrir un milieu d\u2019apprentissage sain et stimulant;<\/li>\n<li>Formation continue pour nos employ\u00e9s, il est important pour nous de rester \u00e0 jour face aux m\u00e9thodes de travail, mat\u00e9riaux et outillages, qui sont en constante \u00e9volution dans l\u2019industrie de la construction;<\/li>\n<li>Une communication efficace, ascendante et descendante.<\/li>\n<li>Une possibilit\u00e9 de s\u2019exprimer et de se faire valoir, peu importe l\u2019exp\u00e9rience ou l\u2019anciennet\u00e9.<\/li>\n<li>Autres avantages \u00e0 discuter lors du processus d\u2019embauche.<\/li>\n<\/ul>\n<p>Pr\u00e9requis:<\/p>\n<ul>\n<li>Poss\u00e9der une carte valide de la CCQ (compagnon)<\/li>\n<li>D\u00e9tenir un permis de conduire valide;<\/li>\n<li>D\u00e9tenir une carte ASP Sant\u00e9 et s\u00e9curit\u00e9 g\u00e9n\u00e9rale sur les chantiers de construction;<\/li>\n<li>Cotes de s\u00e9curit\u00e9s valides (SPAC,GRC), un atout.<\/li>\n<\/ul>\n<p>Comp\u00e9tences recherch\u00e9es:<\/p>\n<ul>\n<li>Esprit d\u2019\u00e9quipe;<\/li>\n<li>Sens du leadership;<\/li>\n<li>Bonnes habilet\u00e9s en communication;<\/li>\n<li>Autonomie et sens de l\u2019organisation;<\/li>\n<li>Ponctualit\u00e9 et rigueur;<\/li>\n<li>Lire et d\u2019interpr\u00e9ter des plans et devis;<\/li>\n<li>\u00catre capable de g\u00e9rer une petite \u00e9quipe d\u2019\u00e9lectriciens, au besoin, pour mener \u00e0 terme les projets;<\/li>\n<li>Bilinguisme, un atout.<\/li>\n<\/ul>\n<p>Description des t\u00e2ches:<\/p>\n<ul>\n<li>Effectuer des travaux de construction, de r\u00e9fection, de modification, de r\u00e9paration et d&#8217;entretien d&#8217;installations \u00e9lectriques;<\/li>\n<li>Assembler, installer, mettre \u00e0 l\u2019essai et r\u00e9parer du c\u00e2blage \u00e9lectrique, des luminaires, des dispositifs de branchements et de l\u2019\u00e9quipement connexe;<\/li>\n<li>Toutes autres t\u00e2ches reli\u00e9es aux travaux requis dans le cadre de projets ou d\u2019appels de services;<\/li>\n<li>Le candidat pourrait \u00eatre appel\u00e9 \u00e0 travailler en dehors des heures r\u00e9guli\u00e8res de bureau, \u00e0 l\u2019occasion, sur certains projets sp\u00e9ciaux.<\/li>\n<\/ul>\n<p>Salaire et avantages selon convention collective (CCQ)<\/p>\n<p>[\/et_pb_toggle][et_pb_toggle title=&#8221;Offre d\u2019emploi apprenti(e) \u00e9lectricien(ne)&#8221; closed_toggle_background_color=&#8221;#FFFFFF&#8221; icon_color=&#8221;#F8AC1A&#8221; _builder_version=&#8221;4.20.0&#8243; _module_preset=&#8221;default&#8221; title_text_color=&#8221;#000000&#8243; title_font_size=&#8221;20px&#8221; hover_enabled=&#8221;0&#8243; box_shadow_style=&#8221;preset2&#8243; box_shadow_color=&#8221;#F8AC1A&#8221; global_colors_info=&#8221;{}&#8221; sticky_enabled=&#8221;0&#8243;]<\/p>\n<p>Genec Canada est \u00e0 la recherche d\u2019un candidat ou d\u2019une candidate pour pourvoir un poste d\u2019apprenti\u20ac \u00e9lectricien(ne), joins-toi \u00e0 notre \u00e9quipe!<\/p>\n<p>Ce qui t\u2019attend\u00a0:<\/p>\n<ul>\n<li>Compagnie jeune, dynamique et en pleine croissance;<\/li>\n<li>Nous croyons dans le potentiel de chacun, par cons\u00e9quent nous nous engageons \u00e0 offrir un milieu d\u2019apprentissage sain et stimulant;<\/li>\n<li>Formation continue pour nos employ\u00e9s, il est important pour nous de rester \u00e0 jour face aux m\u00e9thodes de travail, mat\u00e9riaux et outillages, qui sont en constante \u00e9volution dans l\u2019industrie de la construction;<\/li>\n<li>Une communication efficace, ascendante et descendante.<\/li>\n<li>Une possibilit\u00e9 de s\u2019exprimer et de se faire valoir, peu importe l\u2019exp\u00e9rience ou l\u2019anciennet\u00e9.<\/li>\n<\/ul>\n<p>Pr\u00e9requis:<\/p>\n<ul>\n<li>\u00catre titulaire d&#8217;un DEP en \u00e9lectricit\u00e9 et poss\u00e9der une carte valide de la CCQ OU \u00eatre une femme non dipl\u00f4m\u00e9e (\u00e9tat du bassin de main-d\u2019\u0153uvre \u00e0 30% et moins)<\/li>\n<li>D\u00e9tenir un permis de conduire valide;<\/li>\n<li>D\u00e9tenir une carte ASP Sant\u00e9 et s\u00e9curit\u00e9 g\u00e9n\u00e9rale sur les chantiers de construction;<\/li>\n<li>Cotes de s\u00e9curit\u00e9s valides (SPAC,GRC), un atout.<\/li>\n<\/ul>\n<p>Comp\u00e9tences recherch\u00e9es\u00a0:<\/p>\n<ul>\n<li>Esprit d\u2019\u00e9quipe;<\/li>\n<li>Sens du leadership;<\/li>\n<li>Bonnes capacit\u00e9s physiques;<\/li>\n<li>Bonnes habilet\u00e9s en communication;<\/li>\n<li>Autonomie et sens de l\u2019organisation;<\/li>\n<li>Ponctualit\u00e9 et rigueur;<\/li>\n<li>Bilinguisme, un atout.<\/li>\n<\/ul>\n<p>Description des t\u00e2ches :<\/p>\n<ul>\n<li>Effectuer des travaux de construction, de r\u00e9fection, de modification, de r\u00e9paration et d&#8217;entretien d&#8217;installations \u00e9lectriques;<\/li>\n<li>Assembler, installer, mettre \u00e0 l\u2019essai et r\u00e9parer du c\u00e2blage \u00e9lectrique, des luminaires, des dispositifs de branchements et de l\u2019\u00e9quipement connexe;<\/li>\n<li>Toutes autres t\u00e2ches reli\u00e9es aux travaux requis dans le cadre de projets ou d\u2019appels de services.<\/li>\n<li>Le candidat pourrait \u00eatre appel\u00e9 \u00e0 travailler en dehors des heures r\u00e9guli\u00e8res de bureau, \u00e0 l\u2019occasion, sur certains projets sp\u00e9ciaux.<\/li>\n<\/ul>\n<p>Salaire et avantages selon convention collective (CCQ)<\/p>\n<p>[\/et_pb_toggle][\/et_pb_column][\/et_pb_row][\/et_pb_section][et_pb_section fb_built=&#8221;1&#8243; custom_padding_last_edited=&#8221;on|phone&#8221; _builder_version=&#8221;4.17.4&#8243; _module_preset=&#8221;default&#8221; custom_padding=&#8221;0px||100px||false|false&#8221; custom_padding_tablet=&#8221;100px||100px||true|false&#8221; custom_padding_phone=&#8221;60px||60px||true|false&#8221; global_colors_info=&#8221;{}&#8221;][et_pb_row make_equal=&#8221;on&#8221; _builder_version=&#8221;4.17.4&#8243; _module_preset=&#8221;default&#8221; custom_css_main_element=&#8221;align-items:center;&#8221; global_colors_info=&#8221;{}&#8221;][et_pb_column type=&#8221;4_4&#8243; _builder_version=&#8221;4.17.4&#8243; _module_preset=&#8221;default&#8221; animation_style=&#8221;fade&#8221; global_colors_info=&#8221;{}&#8221;][et_pb_text content_tablet=&#8221;<\/p>\n<div class=%22services-title1%22>\n<h2>Our <span style=%22color: #f8ac1a;%22>Services<\/span><\/h2>\n<\/div>\n<p>&#8221; content_phone=&#8221;<\/p>\n<h2>Recent <span style=%22color: #f8ac1a;%22>Projects<\/span><\/h2>\n<p>&#8221; content_last_edited=&#8221;off|desktop&#8221; _builder_version=&#8221;4.17.6&#8243; _module_preset=&#8221;default&#8221; header_2_font=&#8221;|600|||||||&#8221; header_2_font_size=&#8221;45px&#8221; text_orientation=&#8221;center&#8221; animation_style=&#8221;fade&#8221; header_2_font_size_tablet=&#8221;45px&#8221; header_2_font_size_phone=&#8221;35px&#8221; header_2_font_size_last_edited=&#8221;on|phone&#8221; global_colors_info=&#8221;{}&#8221;]<\/p>\n<h2>Postuler<span style=\"color: #f8ac1a;\"> ici<\/span><\/h2>\n<p>[\/et_pb_text][et_pb_code _builder_version=&#8221;4.17.6&#8243; _module_preset=&#8221;default&#8221; max_width=&#8221;900px&#8221; module_alignment=&#8221;center&#8221; global_colors_info=&#8221;{}&#8221;]<div class=\"wpforms-container wpforms-container-full\" id=\"wpforms-414\"><form id=\"wpforms-form-414\" class=\"wpforms-validate wpforms-form wpforms-ajax-form\" data-formid=\"414\" method=\"post\" enctype=\"multipart\/form-data\" action=\"\/index.php?rest_route=%2Fwp%2Fv2%2Fpages%2F244&#038;wpforms_form_id=414\" data-token=\"1e0877300081b168d48e3186250e5739\"><noscript class=\"wpforms-error-noscript\">Please enable JavaScript in your browser to complete this form.<\/noscript><div class=\"wpforms-field-container\"><div id=\"wpforms-414-field_1-container\" class=\"wpforms-field wpforms-field-name wpforms-one-half wpforms-first\" data-field-id=\"1\"><label class=\"wpforms-field-label wpforms-label-hide\" for=\"wpforms-414-field_1\">Nom <span class=\"wpforms-required-label\">*<\/span><\/label><input type=\"text\" id=\"wpforms-414-field_1\" class=\"wpforms-field-large wpforms-field-required\" name=\"wpforms[fields][1]\" placeholder=\"Nom\" required><\/div><div id=\"wpforms-414-field_2-container\" class=\"wpforms-field wpforms-field-email wpforms-one-half\" data-field-id=\"2\"><label class=\"wpforms-field-label wpforms-label-hide\" for=\"wpforms-414-field_2\">Address courriel <span class=\"wpforms-required-label\">*<\/span><\/label><input type=\"email\" id=\"wpforms-414-field_2\" class=\"wpforms-field-large wpforms-field-required\" name=\"wpforms[fields][2]\" placeholder=\"Addresse courriel\" required><\/div><div id=\"wpforms-414-field_4-container\" class=\"wpforms-field wpforms-field-phone\" data-field-id=\"4\"><label class=\"wpforms-field-label wpforms-label-hide\" for=\"wpforms-414-field_4\">Phone<\/label><input type=\"tel\" id=\"wpforms-414-field_4\" class=\"wpforms-field-large wpforms-smart-phone-field\" data-rule-smart-phone-field=\"true\" name=\"wpforms[fields][4]\" placeholder=\"Num\u00e9ros de t\u00e9l\u00e9phone\" ><\/div><div id=\"wpforms-414-field_5-container\" class=\"wpforms-field wpforms-field-textarea\" data-field-id=\"5\"><label class=\"wpforms-field-label wpforms-label-hide\" for=\"wpforms-414-field_5\">Message<\/label><textarea id=\"wpforms-414-field_5\" class=\"wpforms-field-large\" name=\"wpforms[fields][5]\" placeholder=\"Message\" ><\/textarea><\/div><div id=\"wpforms-414-field_6-container\" class=\"wpforms-field wpforms-field-file-upload\" data-field-id=\"6\"><label class=\"wpforms-field-label\" for=\"wpforms-414-field_6\">Joindre votre CV<\/label><div\n\t\tclass=\"wpforms-uploader\"\n\t\tdata-field-id=\"6\"\n\t\tdata-form-id=\"414\"\n\t\tdata-input-name=\"wpforms_414_6\"\n\t\tdata-extensions=\"jpg,jpeg,jpe,gif,png,bmp,tiff,tif,webp,avif,ico,heic,heif,heics,heifs,asf,asx,wmv,wmx,wm,avi,divx,mov,qt,mpeg,mpg,mpe,mp4,m4v,ogv,webm,mkv,3gp,3gpp,3g2,3gp2,txt,asc,c,cc,h,srt,csv,tsv,ics,rtx,css,vtt,mp3,m4a,m4b,aac,ra,ram,wav,ogg,oga,flac,mid,midi,wma,wax,mka,rtf,pdf,class,tar,zip,gz,gzip,rar,7z,psd,xcf,doc,pot,pps,ppt,wri,xla,xls,xlt,xlw,mpp,docx,docm,dotx,dotm,xlsx,xlsm,xlsb,xltx,xltm,xlam,pptx,pptm,ppsx,ppsm,potx,potm,ppam,sldx,sldm,onetoc,onetoc2,onepkg,oxps,xps,odt,odp,ods,odg,odc,odb,odf,wp,wpd,key,numbers,pages\"\n\t\tdata-max-size=\"536870912\"\n\t\tdata-max-file-number=\"1\"\n\t\tdata-post-max-size=\"536870912\"\n\t\tdata-max-parallel-uploads=\"4\"\n\t\tdata-parallel-uploads=\"true\"\n\t\tdata-file-chunk-size=\"2097152\">\n\t<div class=\"dz-message\">\n\t\t<svg viewBox=\"0 0 1024 1024\" focusable=\"false\" data-icon=\"inbox\" width=\"50px\" height=\"50px\" fill=\"#b1b1b1\" aria-hidden=\"true\">\n\t\t\t<path d=\"M885.2 446.3l-.2-.8-112.2-285.1c-5-16.1-19.9-27.2-36.8-27.2H281.2c-17 0-32.1 11.3-36.9 27.6L139.4 443l-.3.7-.2.8c-1.3 4.9-1.7 9.9-1 14.8-.1 1.6-.2 3.2-.2 4.8V830a60.9 60.9 0 0 0 60.8 60.8h627.2c33.5 0 60.8-27.3 60.9-60.8V464.1c0-1.3 0-2.6-.1-3.7.4-4.9 0-9.6-1.3-14.1zm-295.8-43l-.3 15.7c-.8 44.9-31.8 75.1-77.1 75.1-22.1 0-41.1-7.1-54.8-20.6S436 441.2 435.6 419l-.3-15.7H229.5L309 210h399.2l81.7 193.3H589.4zm-375 76.8h157.3c24.3 57.1 76 90.8 140.4 90.8 33.7 0 65-9.4 90.3-27.2 22.2-15.6 39.5-37.4 50.7-63.6h156.5V814H214.4V480.1z\"><\/path>\n\t\t<\/svg>\n\t\t<span class=\"modern-title\">Click or drag a file to this area to upload.<\/span>\n\n\t\t\t<\/div>\n<\/div>\n<input\n\t\ttype=\"text\"\n\t\tautocomplete=\"off\"\n\t\tclass=\"dropzone-input\"\n\t\tstyle=\"position:absolute!important;clip:rect(0,0,0,0)!important;height:1px!important;width:1px!important;border:0!important;overflow:hidden!important;padding:0!important;margin:0!important;\"\n\t\tid=\"wpforms-414-field_6\"\n\t\tname=\"wpforms_414_6\" \t\tvalue=\"\">\n<\/div><\/div><div class=\"wpforms-submit-container\"><input type=\"hidden\" name=\"wpforms[id]\" value=\"414\"><input type=\"hidden\" name=\"wpforms[author]\" value=\"3\"><button type=\"submit\" name=\"wpforms[submit]\" id=\"wpforms-submit-414\" class=\"wpforms-submit\" data-alt-text=\"Sending...\" data-submit-text=\"ENVOYEZ\" aria-live=\"assertive\" value=\"wpforms-submit\">ENVOYEZ<\/button><img loading=\"lazy\" decoding=\"async\" src=\"https:\/\/genec.ca\/wp-content\/plugins\/wpforms\/assets\/images\/submit-spin.svg\" class=\"wpforms-submit-spinner\" style=\"display: none;\" width=\"26\" height=\"26\" alt=\"\"><\/div><\/form><\/div>  <!-- .wpforms-container -->[\/et_pb_code][\/et_pb_column][\/et_pb_row][\/et_pb_section]<\/p>\n","protected":false},"excerpt":{"rendered":"<p>Genec Canada est toujours \u00e0 la recherche de gens qualifi\u00e9s, ambitieux, talentueux, d\u00e9vou\u00e9s qui partagent nos valeurs d&#8217;\u00e9thique du travail et notre sens familial. Joignez-vous \u00e0 notre \u00e9quipe.Genec Canada est \u00e0 la recherche d\u2019un candidat ou d\u2019une candidate pour pourvoir un poste d\u2019\u00e9lectricien(ne) (projets), joins-toi \u00e0 notre \u00e9quipe! Ce qui t\u2019attend: Compagnie jeune, dynamique et [&hellip;]<\/p>\n","protected":false},"author":3,"featured_media":0,"parent":0,"menu_order":0,"comment_status":"closed","ping_status":"closed","template":"","meta":{"_et_pb_use_builder":"on","_et_pb_old_content":"<!-- wp:divi\/placeholder \/-->","_et_gb_content_width":"","footnotes":""},"class_list":["post-244","page","type-page","status-publish","hentry"],"yoast_head":"<!-- This site is optimized with the Yoast SEO plugin v27.4 - https:\/\/yoast.com\/product\/yoast-seo-wordpress\/ -->\n<title>Carri\u00e8res - Genec<\/title>\n<meta name=\"robots\" content=\"index, follow, max-snippet:-1, max-image-preview:large, max-video-preview:-1\" \/>\n<link rel=\"canonical\" href=\"https:\/\/genec.ca\/?page_id=244\" \/>\n<meta property=\"og:locale\" content=\"en_US\" \/>\n<meta property=\"og:type\" content=\"article\" \/>\n<meta property=\"og:title\" content=\"Carri\u00e8res - Genec\" \/>\n<meta property=\"og:description\" content=\"Genec Canada est toujours \u00e0 la recherche de gens qualifi\u00e9s, ambitieux, talentueux, d\u00e9vou\u00e9s qui partagent nos valeurs d&#039;\u00e9thique du travail et notre sens familial. Joignez-vous \u00e0 notre \u00e9quipe.Genec Canada est \u00e0 la recherche d\u2019un candidat ou d\u2019une candidate pour pourvoir un poste d\u2019\u00e9lectricien(ne) (projets), joins-toi \u00e0 notre \u00e9quipe! Ce qui t\u2019attend: Compagnie jeune, dynamique et [&hellip;]\" \/>\n<meta property=\"og:url\" content=\"https:\/\/genec.ca\/?page_id=244\" \/>\n<meta property=\"og:site_name\" content=\"Genec\" \/>\n<meta property=\"article:publisher\" content=\"https:\/\/www.facebook.com\/geneccanada\" \/>\n<meta property=\"article:modified_time\" content=\"2023-03-02T01:44:53+00:00\" \/>\n<meta name=\"twitter:card\" content=\"summary_large_image\" \/>\n<meta name=\"twitter:label1\" content=\"Est. reading time\" \/>\n\t<meta name=\"twitter:data1\" content=\"6 minutes\" \/>\n<script type=\"application\/ld+json\" class=\"yoast-schema-graph\">{\"@context\":\"https:\\\/\\\/schema.org\",\"@graph\":[{\"@type\":\"WebPage\",\"@id\":\"https:\\\/\\\/genec.ca\\\/?page_id=244\",\"url\":\"https:\\\/\\\/genec.ca\\\/?page_id=244\",\"name\":\"Carri\u00e8res - Genec\",\"isPartOf\":{\"@id\":\"https:\\\/\\\/genec.ca\\\/#website\"},\"datePublished\":\"2022-07-20T18:40:16+00:00\",\"dateModified\":\"2023-03-02T01:44:53+00:00\",\"breadcrumb\":{\"@id\":\"https:\\\/\\\/genec.ca\\\/?page_id=244#breadcrumb\"},\"inLanguage\":\"en-US\",\"potentialAction\":[{\"@type\":\"ReadAction\",\"target\":[\"https:\\\/\\\/genec.ca\\\/?page_id=244\"]}]},{\"@type\":\"BreadcrumbList\",\"@id\":\"https:\\\/\\\/genec.ca\\\/?page_id=244#breadcrumb\",\"itemListElement\":[{\"@type\":\"ListItem\",\"position\":1,\"name\":\"Home\",\"item\":\"https:\\\/\\\/genec.ca\\\/\"},{\"@type\":\"ListItem\",\"position\":2,\"name\":\"Carri\u00e8res\"}]},{\"@type\":\"WebSite\",\"@id\":\"https:\\\/\\\/genec.ca\\\/#website\",\"url\":\"https:\\\/\\\/genec.ca\\\/\",\"name\":\"Genec\",\"description\":\"Genec Canada\",\"publisher\":{\"@id\":\"https:\\\/\\\/genec.ca\\\/#organization\"},\"potentialAction\":[{\"@type\":\"SearchAction\",\"target\":{\"@type\":\"EntryPoint\",\"urlTemplate\":\"https:\\\/\\\/genec.ca\\\/?s={search_term_string}\"},\"query-input\":{\"@type\":\"PropertyValueSpecification\",\"valueRequired\":true,\"valueName\":\"search_term_string\"}}],\"inLanguage\":\"en-US\"},{\"@type\":\"Organization\",\"@id\":\"https:\\\/\\\/genec.ca\\\/#organization\",\"name\":\"Genec Canada\",\"url\":\"https:\\\/\\\/genec.ca\\\/\",\"logo\":{\"@type\":\"ImageObject\",\"inLanguage\":\"en-US\",\"@id\":\"https:\\\/\\\/genec.ca\\\/#\\\/schema\\\/logo\\\/image\\\/\",\"url\":\"https:\\\/\\\/genec.ca\\\/wp-content\\\/uploads\\\/2022\\\/07\\\/WhatsApp_Image_2022-07-10_at_12.03.05_AM__1_-removebg-preview.png\",\"contentUrl\":\"https:\\\/\\\/genec.ca\\\/wp-content\\\/uploads\\\/2022\\\/07\\\/WhatsApp_Image_2022-07-10_at_12.03.05_AM__1_-removebg-preview.png\",\"width\":1154,\"height\":216,\"caption\":\"Genec Canada\"},\"image\":{\"@id\":\"https:\\\/\\\/genec.ca\\\/#\\\/schema\\\/logo\\\/image\\\/\"},\"sameAs\":[\"https:\\\/\\\/www.facebook.com\\\/geneccanada\"]}]}<\/script>\n<!-- \/ Yoast SEO plugin. -->","yoast_head_json":{"title":"Carri\u00e8res - Genec","robots":{"index":"index","follow":"follow","max-snippet":"max-snippet:-1","max-image-preview":"max-image-preview:large","max-video-preview":"max-video-preview:-1"},"canonical":"https:\/\/genec.ca\/?page_id=244","og_locale":"en_US","og_type":"article","og_title":"Carri\u00e8res - Genec","og_description":"Genec Canada est toujours \u00e0 la recherche de gens qualifi\u00e9s, ambitieux, talentueux, d\u00e9vou\u00e9s qui partagent nos valeurs d'\u00e9thique du travail et notre sens familial. Joignez-vous \u00e0 notre \u00e9quipe.Genec Canada est \u00e0 la recherche d\u2019un candidat ou d\u2019une candidate pour pourvoir un poste d\u2019\u00e9lectricien(ne) (projets), joins-toi \u00e0 notre \u00e9quipe! Ce qui t\u2019attend: Compagnie jeune, dynamique et [&hellip;]","og_url":"https:\/\/genec.ca\/?page_id=244","og_site_name":"Genec","article_publisher":"https:\/\/www.facebook.com\/geneccanada","article_modified_time":"2023-03-02T01:44:53+00:00","twitter_card":"summary_large_image","twitter_misc":{"Est. reading time":"6 minutes"},"schema":{"@context":"https:\/\/schema.org","@graph":[{"@type":"WebPage","@id":"https:\/\/genec.ca\/?page_id=244","url":"https:\/\/genec.ca\/?page_id=244","name":"Carri\u00e8res - Genec","isPartOf":{"@id":"https:\/\/genec.ca\/#website"},"datePublished":"2022-07-20T18:40:16+00:00","dateModified":"2023-03-02T01:44:53+00:00","breadcrumb":{"@id":"https:\/\/genec.ca\/?page_id=244#breadcrumb"},"inLanguage":"en-US","potentialAction":[{"@type":"ReadAction","target":["https:\/\/genec.ca\/?page_id=244"]}]},{"@type":"BreadcrumbList","@id":"https:\/\/genec.ca\/?page_id=244#breadcrumb","itemListElement":[{"@type":"ListItem","position":1,"name":"Home","item":"https:\/\/genec.ca\/"},{"@type":"ListItem","position":2,"name":"Carri\u00e8res"}]},{"@type":"WebSite","@id":"https:\/\/genec.ca\/#website","url":"https:\/\/genec.ca\/","name":"Genec","description":"Genec Canada","publisher":{"@id":"https:\/\/genec.ca\/#organization"},"potentialAction":[{"@type":"SearchAction","target":{"@type":"EntryPoint","urlTemplate":"https:\/\/genec.ca\/?s={search_term_string}"},"query-input":{"@type":"PropertyValueSpecification","valueRequired":true,"valueName":"search_term_string"}}],"inLanguage":"en-US"},{"@type":"Organization","@id":"https:\/\/genec.ca\/#organization","name":"Genec Canada","url":"https:\/\/genec.ca\/","logo":{"@type":"ImageObject","inLanguage":"en-US","@id":"https:\/\/genec.ca\/#\/schema\/logo\/image\/","url":"https:\/\/genec.ca\/wp-content\/uploads\/2022\/07\/WhatsApp_Image_2022-07-10_at_12.03.05_AM__1_-removebg-preview.png","contentUrl":"https:\/\/genec.ca\/wp-content\/uploads\/2022\/07\/WhatsApp_Image_2022-07-10_at_12.03.05_AM__1_-removebg-preview.png","width":1154,"height":216,"caption":"Genec Canada"},"image":{"@id":"https:\/\/genec.ca\/#\/schema\/logo\/image\/"},"sameAs":["https:\/\/www.facebook.com\/geneccanada"]}]}},"_links":{"self":[{"href":"https:\/\/genec.ca\/index.php?rest_route=\/wp\/v2\/pages\/244","targetHints":{"allow":["GET"]}}],"collection":[{"href":"https:\/\/genec.ca\/index.php?rest_route=\/wp\/v2\/pages"}],"about":[{"href":"https:\/\/genec.ca\/index.php?rest_route=\/wp\/v2\/types\/page"}],"author":[{"embeddable":true,"href":"https:\/\/genec.ca\/index.php?rest_route=\/wp\/v2\/users\/3"}],"replies":[{"embeddable":true,"href":"https:\/\/genec.ca\/index.php?rest_route=%2Fwp%2Fv2%2Fcomments&post=244"}],"version-history":[{"count":40,"href":"https:\/\/genec.ca\/index.php?rest_route=\/wp\/v2\/pages\/244\/revisions"}],"predecessor-version":[{"id":771,"href":"https:\/\/genec.ca\/index.php?rest_route=\/wp\/v2\/pages\/244\/revisions\/771"}],"wp:attachment":[{"href":"https:\/\/genec.ca\/index.php?rest_route=%2Fwp%2Fv2%2Fmedia&parent=244"}],"curies":[{"name":"wp","href":"https:\/\/api.w.org\/{rel}","templated":true}]}}